{"id":53,"date":"2021-09-06T21:49:20","date_gmt":"2021-09-06T19:49:20","guid":{"rendered":"https:\/\/etudedravez.fr\/?page_id=53"},"modified":"2021-10-20T21:51:56","modified_gmt":"2021-10-20T19:51:56","slug":"genealogie-familiale","status":"publish","type":"page","link":"https:\/\/etudedravez.fr\/?page_id=53","title":{"rendered":"Prestations"},"content":{"rendered":"\n<p>Nos g\u00e9n\u00e9alogistes de l&rsquo;\u00c9tude sont comp\u00e9tents pour :<\/p>\n\n\n\n<ul class=\"wp-block-list\"><li><strong>v\u00e9rifier la d\u00e9volution successorale<\/strong> dans le cadre d&rsquo;une succession en absence de testament, de livret de famille ou de notori\u00e9t\u00e9s ant\u00e9rieures.<\/li><li><strong>\u00e9tablir la d\u00e9volution fonci\u00e8re<\/strong> d&rsquo;un bien immobilier, soit parce qu&rsquo;aucun ayant droit ne s&rsquo;est manifest\u00e9 suite au d\u00e9c\u00e8s du dernier propri\u00e9taire connu, soit parce qu&rsquo;il a \u00e9t\u00e9 omis d&rsquo;une succession ouverte ou cl\u00f4tur\u00e9e ou tout simplement parce qu&rsquo;il s&rsquo;agit d&rsquo;un bien \u00ab\u00a0sans ma\u00eetre\u00a0\u00bb au sens de l&rsquo;article 713 du code civil.<\/li><\/ul>\n\n\n\n<div class=\"wp-block-cover has-background-dim\"><img loading=\"lazy\" decoding=\"async\" width=\"768\" height=\"1024\" class=\"wp-block-cover__image-background wp-image-54\" alt=\"\" src=\"https:\/\/etudedravez.fr\/wp-content\/uploads\/2021\/09\/lettre-768x1024.jpg\" data-object-fit=\"cover\" srcset=\"https:\/\/etudedravez.fr\/wp-content\/uploads\/2021\/09\/lettre-768x1024.jpg 768w, https:\/\/etudedravez.fr\/wp-content\/uploads\/2021\/09\/lettre-225x300.jpg 225w, https:\/\/etudedravez.fr\/wp-content\/uploads\/2021\/09\/lettre-1152x1536.jpg 1152w, https:\/\/etudedravez.fr\/wp-content\/uploads\/2021\/09\/lettre-1536x2048.jpg 1536w, https:\/\/etudedravez.fr\/wp-content\/uploads\/2021\/09\/lettre-scaled.jpg 1920w\" sizes=\"auto, (max-width: 768px) 100vw, 768px\" \/><div class=\"wp-block-cover__inner-container is-layout-flow wp-block-cover-is-layout-flow\">\n<p class=\"has-text-align-center has-large-font-size\"><\/p>\n<\/div><\/div>\n","protected":false},"excerpt":{"rendered":"<p>Nos g\u00e9n\u00e9alogistes de l&rsquo;\u00c9tude sont comp\u00e9tents pour : v\u00e9rifier la d\u00e9volution successorale dans le cadre d&rsquo;une succession en absence de testament, de livret de famille ou de notori\u00e9t\u00e9s ant\u00e9rieures. \u00e9tablir la d\u00e9volution fonci\u00e8re d&rsquo;un bien immobilier, soit parce qu&rsquo;aucun ayant droit ne s&rsquo;est manifest\u00e9 suite au d\u00e9c\u00e8s du dernier propri\u00e9taire connu, soit parce qu&rsquo;il a [&hellip;]<\/p>\n","protected":false},"author":1,"featured_media":0,"parent":0,"menu_order":0,"comment_status":"closed","ping_status":"closed","template":"","meta":{"footnotes":""},"class_list":["post-53","page","type-page","status-publish","hentry"],"_links":{"self":[{"href":"https:\/\/etudedravez.fr\/index.php?rest_route=\/wp\/v2\/pages\/53","targetHints":{"allow":["GET"]}}],"collection":[{"href":"https:\/\/etudedravez.fr\/index.php?rest_route=\/wp\/v2\/pages"}],"about":[{"href":"https:\/\/etudedravez.fr\/index.php?rest_route=\/wp\/v2\/types\/page"}],"author":[{"embeddable":true,"href":"https:\/\/etudedravez.fr\/index.php?rest_route=\/wp\/v2\/users\/1"}],"replies":[{"embeddable":true,"href":"https:\/\/etudedravez.fr\/index.php?rest_route=%2Fwp%2Fv2%2Fcomments&post=53"}],"version-history":[{"count":8,"href":"https:\/\/etudedravez.fr\/index.php?rest_route=\/wp\/v2\/pages\/53\/revisions"}],"predecessor-version":[{"id":205,"href":"https:\/\/etudedravez.fr\/index.php?rest_route=\/wp\/v2\/pages\/53\/revisions\/205"}],"wp:attachment":[{"href":"https:\/\/etudedravez.fr\/index.php?rest_route=%2Fwp%2Fv2%2Fmedia&parent=53"}],"curies":[{"name":"wp","href":"https:\/\/api.w.org\/{rel}","templated":true}]}}